{"id":1320,"date":"2024-01-23T11:43:22","date_gmt":"2024-01-23T10:43:22","guid":{"rendered":"https:\/\/canbike.cat\/home\/distribuidor-de-bicicletes-whistle\/"},"modified":"2026-01-24T17:32:21","modified_gmt":"2026-01-24T16:32:21","slug":"distribuidor-de-bicicletes-whistle","status":"publish","type":"page","link":"https:\/\/canbike.cat\/ca\/home\/distribuidor-de-bicicletes-whistle\/","title":{"rendered":"DISTRIBU\u00cfDOR BICICLETES WHISTLE"},"content":{"rendered":"\n<div class=\"wp-block-uagb-container uagb-block-04545503 alignfull uagb-is-root-container\"><div class=\"uagb-container-inner-blocks-wrap\">\n<div class=\"wp-block-uagb-advanced-heading uagb-block-58d792da\"><\/div>\n<\/div><\/div>\n\n<div class=\"wp-block-uagb-container uagb-block-c07c1ca2 alignfull uagb-is-root-container\"><div class=\"uagb-container-inner-blocks-wrap\">\n<div class=\"wp-block-uagb-container uagb-block-56ceaf47\">\n<div class=\"wp-block-uagb-advanced-heading uagb-block-bcf3190f\"><h2 class=\"uagb-heading-text\">DESCOBREIX LES E-BIKES DE WHISTLE<\/h2><div class=\"uagb-separator\"><\/div><p class=\"uagb-desc-text\">A Whistle us ofereixen una \u00e0mplia gamma de bicis. Carretera, gravel, muntanya i Ebikes. Amb m\u00e9s de 100 anys d&#8217;experi\u00e8ncia fabricant bicicletes, el grup itali\u00e0 Atala us porta la marca Whistle, el seu vaixell ins\u00edgnia.<br\/> Podr\u00e0s trobar bicis amb una gran relaci\u00f3 qualitat-preu.<br\/> Et destaquem els seus Ebikes, aquest 2026 podr\u00e0s tenir com a novetat la Whistle AXR amb motor DJI\/Avinox, una de les bicis amb motor DJI amb millor relaci\u00f3 qualitat-preu del mercat. Si sou dels que preferiu continuar amb el conegut, tamb\u00e9 us ofereixen una \u00e0mplia gamma d&#8217;Ebikes amb motor Bosch<\/p><\/div>\n\n\n\n<p><\/p>\n<\/div>\n\n\n\n<div class=\"wp-block-uagb-container uagb-block-3864985c\">\n<div class=\"wp-block-uagb-image uagb-block-c2362fda wp-block-uagb-image--layout-default wp-block-uagb-image--effect-static wp-block-uagb-image--align-none\"><figure class=\"wp-block-uagb-image__figure\"><img decoding=\"async\" srcset=\"https:\/\/canbike.cat\/wp-content\/uploads\/2026\/01\/WhatsApp-Image-2025-12-26-at-20.42.17-1024x768.jpeg ,https:\/\/canbike.cat\/wp-content\/uploads\/2026\/01\/WhatsApp-Image-2025-12-26-at-20.42.17.jpeg 780w, https:\/\/canbike.cat\/wp-content\/uploads\/2026\/01\/WhatsApp-Image-2025-12-26-at-20.42.17.jpeg 360w\" sizes=\"auto, (max-width: 480px) 150px\" src=\"https:\/\/canbike.cat\/wp-content\/uploads\/2026\/01\/WhatsApp-Image-2025-12-26-at-20.42.17-1024x768.jpeg\" alt=\"\" class=\"uag-image-1303\" width=\"1024\" height=\"768\" title=\"Whistle AXR DJI\/Avinox\" loading=\"lazy\" role=\"img\"><\/figure><\/div>\n<\/div>\n<\/div><\/div>\n\t\t\t\t\t<div\n\t\t\t\t\t\tclass=\"wp-block-uagb-image-gallery uagb-block-da693a6d     \"\n\t\t\t\t\t\tstyle=\"\"\n\t\t\t\t\t>\n\t\t\t\t\t\t\t\t\t\t\t<div class=\"spectra-image-gallery spectra-image-gallery__layout--grid spectra-image-gallery__layout--grid-col-3 spectra-image-gallery__layout--grid-col-tab-3 spectra-image-gallery__layout--grid-col-mob-2\">\n\t\t\t\t\t\t\t\t\t\t\t<div class='spectra-image-gallery__media-wrapper' data-spectra-gallery-image-id='1301' tabindex=\"0\">\n\t\t\t\t\t\t\t<div class=\"spectra-image-gallery__media spectra-image-gallery__media--grid\">\n\t\t\t\t<picture>\n\t\t\t\t\t<source media=\"(min-width: 1024px)\" srcset=\"https:\/\/canbike.cat\/wp-content\/uploads\/2026\/01\/Whistle-AXR-C6.6.jpg\">\n\t\t\t\t\t<source media=\"(min-width: 768px)\" srcset=\"https:\/\/canbike.cat\/wp-content\/uploads\/2026\/01\/Whistle-AXR-C6.6.jpg\">\n\t\t\t\t\t<img decoding=\"async\" class=\"spectra-image-gallery__media-thumbnail spectra-image-gallery__media-thumbnail--grid\" src=\"https:\/\/canbike.cat\/wp-content\/uploads\/2026\/01\/Whistle-AXR-C6.6-300x169.jpg\" alt=\"\" loading=\"lazy\" \/>\n\t\t\t\t<\/picture>\n\t\t\t\t<div class=\"spectra-image-gallery__media-thumbnail-blurrer\"><\/div>\n\t\t\t\t\t\t\t\t\t\t\t<div class=\"spectra-image-gallery__media-thumbnail-caption-wrapper spectra-image-gallery__media-thumbnail-caption-wrapper--overlay\">\n\t\t\t\t\t\t\t\t\t\t\t<div class=\"spectra-image-gallery__media-thumbnail-caption spectra-image-gallery__media-thumbnail-caption--overlay\">\n\t\t\t\t\tCanBike\t\t\t\t<\/div>\n\t\t\t\t\t\t\t\t\t\t<\/div>\n\t\t\t\t\t\t\t\t\t<\/div>\n\t\t\t\t\t\t<\/div>\n\t\t\t\t\t\t<div class='spectra-image-gallery__media-wrapper' data-spectra-gallery-image-id='1307' tabindex=\"0\">\n\t\t\t\t\t\t\t<div class=\"spectra-image-gallery__media spectra-image-gallery__media--grid\">\n\t\t\t\t<picture>\n\t\t\t\t\t<source media=\"(min-width: 1024px)\" srcset=\"https:\/\/canbike.cat\/wp-content\/uploads\/2026\/01\/DJI-WHistle-AXR-3-897x1024.jpg\">\n\t\t\t\t\t<source media=\"(min-width: 768px)\" srcset=\"https:\/\/canbike.cat\/wp-content\/uploads\/2026\/01\/DJI-WHistle-AXR-3-897x1024.jpg\">\n\t\t\t\t\t<img decoding=\"async\" class=\"spectra-image-gallery__media-thumbnail spectra-image-gallery__media-thumbnail--grid\" src=\"https:\/\/canbike.cat\/wp-content\/uploads\/2026\/01\/DJI-WHistle-AXR-3-263x300.jpg\" alt=\"\" loading=\"lazy\" \/>\n\t\t\t\t<\/picture>\n\t\t\t\t<div class=\"spectra-image-gallery__media-thumbnail-blurrer\"><\/div>\n\t\t\t\t\t\t\t\t\t\t\t<div class=\"spectra-image-gallery__media-thumbnail-caption-wrapper spectra-image-gallery__media-thumbnail-caption-wrapper--overlay\">\n\t\t\t\t\t\t\t\t\t\t\t<div class=\"spectra-image-gallery__media-thumbnail-caption spectra-image-gallery__media-thumbnail-caption--overlay\">\n\t\t\t\t\tCanBike\t\t\t\t<\/div>\n\t\t\t\t\t\t\t\t\t\t<\/div>\n\t\t\t\t\t\t\t\t\t<\/div>\n\t\t\t\t\t\t<\/div>\n\t\t\t\t\t\t<div class='spectra-image-gallery__media-wrapper' data-spectra-gallery-image-id='1309' tabindex=\"0\">\n\t\t\t\t\t\t\t<div class=\"spectra-image-gallery__media spectra-image-gallery__media--grid\">\n\t\t\t\t<picture>\n\t\t\t\t\t<source media=\"(min-width: 1024px)\" srcset=\"https:\/\/canbike.cat\/wp-content\/uploads\/2026\/01\/SaveClip.App_469981304_17870816034248867_9096700802439156183_n-1024x683.jpg\">\n\t\t\t\t\t<source media=\"(min-width: 768px)\" srcset=\"https:\/\/canbike.cat\/wp-content\/uploads\/2026\/01\/SaveClip.App_469981304_17870816034248867_9096700802439156183_n-1024x683.jpg\">\n\t\t\t\t\t<img decoding=\"async\" class=\"spectra-image-gallery__media-thumbnail spectra-image-gallery__media-thumbnail--grid\" src=\"https:\/\/canbike.cat\/wp-content\/uploads\/2026\/01\/SaveClip.App_469981304_17870816034248867_9096700802439156183_n-300x200.jpg\" alt=\"\" loading=\"lazy\" \/>\n\t\t\t\t<\/picture>\n\t\t\t\t<div class=\"spectra-image-gallery__media-thumbnail-blurrer\"><\/div>\n\t\t\t\t\t\t\t\t\t\t\t<div class=\"spectra-image-gallery__media-thumbnail-caption-wrapper spectra-image-gallery__media-thumbnail-caption-wrapper--overlay\">\n\t\t\t\t\t\t\t\t\t\t\t<div class=\"spectra-image-gallery__media-thumbnail-caption spectra-image-gallery__media-thumbnail-caption--overlay\">\n\t\t\t\t\tCanBike\t\t\t\t<\/div>\n\t\t\t\t\t\t\t\t\t\t<\/div>\n\t\t\t\t\t\t\t\t\t<\/div>\n\t\t\t\t\t\t<\/div>\n\t\t\t\t\t\t<div class='spectra-image-gallery__media-wrapper' data-spectra-gallery-image-id='1311' tabindex=\"0\">\n\t\t\t\t\t\t\t<div class=\"spectra-image-gallery__media spectra-image-gallery__media--grid\">\n\t\t\t\t<picture>\n\t\t\t\t\t<source media=\"(min-width: 1024px)\" srcset=\"https:\/\/canbike.cat\/wp-content\/uploads\/2026\/01\/SaveClip.App_572557062_17910038649248867_7652686078700685172_n-1024x1024.jpg\">\n\t\t\t\t\t<source media=\"(min-width: 768px)\" srcset=\"https:\/\/canbike.cat\/wp-content\/uploads\/2026\/01\/SaveClip.App_572557062_17910038649248867_7652686078700685172_n-1024x1024.jpg\">\n\t\t\t\t\t<img decoding=\"async\" class=\"spectra-image-gallery__media-thumbnail spectra-image-gallery__media-thumbnail--grid\" src=\"https:\/\/canbike.cat\/wp-content\/uploads\/2026\/01\/SaveClip.App_572557062_17910038649248867_7652686078700685172_n-300x300.jpg\" alt=\"\" loading=\"lazy\" \/>\n\t\t\t\t<\/picture>\n\t\t\t\t<div class=\"spectra-image-gallery__media-thumbnail-blurrer\"><\/div>\n\t\t\t\t\t\t\t\t\t\t\t<div class=\"spectra-image-gallery__media-thumbnail-caption-wrapper spectra-image-gallery__media-thumbnail-caption-wrapper--overlay\">\n\t\t\t\t\t\t\t\t\t\t\t<div class=\"spectra-image-gallery__media-thumbnail-caption spectra-image-gallery__media-thumbnail-caption--overlay\">\n\t\t\t\t\tCanBike\t\t\t\t<\/div>\n\t\t\t\t\t\t\t\t\t\t<\/div>\n\t\t\t\t\t\t\t\t\t<\/div>\n\t\t\t\t\t\t<\/div>\n\t\t\t\t\t\t<div class='spectra-image-gallery__media-wrapper' data-spectra-gallery-image-id='1313' tabindex=\"0\">\n\t\t\t\t\t\t\t<div class=\"spectra-image-gallery__media spectra-image-gallery__media--grid\">\n\t\t\t\t<picture>\n\t\t\t\t\t<source media=\"(min-width: 1024px)\" srcset=\"https:\/\/canbike.cat\/wp-content\/uploads\/2026\/01\/SaveClip.App_572631766_17910038640248867_8558033524026153152_n-1024x1024.jpg\">\n\t\t\t\t\t<source media=\"(min-width: 768px)\" srcset=\"https:\/\/canbike.cat\/wp-content\/uploads\/2026\/01\/SaveClip.App_572631766_17910038640248867_8558033524026153152_n-1024x1024.jpg\">\n\t\t\t\t\t<img decoding=\"async\" class=\"spectra-image-gallery__media-thumbnail spectra-image-gallery__media-thumbnail--grid\" src=\"https:\/\/canbike.cat\/wp-content\/uploads\/2026\/01\/SaveClip.App_572631766_17910038640248867_8558033524026153152_n-300x300.jpg\" alt=\"\" loading=\"lazy\" \/>\n\t\t\t\t<\/picture>\n\t\t\t\t<div class=\"spectra-image-gallery__media-thumbnail-blurrer\"><\/div>\n\t\t\t\t\t\t\t\t\t\t\t<div class=\"spectra-image-gallery__media-thumbnail-caption-wrapper spectra-image-gallery__media-thumbnail-caption-wrapper--overlay\">\n\t\t\t\t\t\t\t\t\t\t\t<div class=\"spectra-image-gallery__media-thumbnail-caption spectra-image-gallery__media-thumbnail-caption--overlay\">\n\t\t\t\t\tCanBike\t\t\t\t<\/div>\n\t\t\t\t\t\t\t\t\t\t<\/div>\n\t\t\t\t\t\t\t\t\t<\/div>\n\t\t\t\t\t\t<\/div>\n\t\t\t\t\t\t<div class='spectra-image-gallery__media-wrapper' data-spectra-gallery-image-id='1315' tabindex=\"0\">\n\t\t\t\t\t\t\t<div class=\"spectra-image-gallery__media spectra-image-gallery__media--grid\">\n\t\t\t\t<picture>\n\t\t\t\t\t<source media=\"(min-width: 1024px)\" srcset=\"https:\/\/canbike.cat\/wp-content\/uploads\/2026\/01\/SaveClip.App_615395851_18306905074251557_3112055930831473303_n-819x1024.jpg\">\n\t\t\t\t\t<source media=\"(min-width: 768px)\" srcset=\"https:\/\/canbike.cat\/wp-content\/uploads\/2026\/01\/SaveClip.App_615395851_18306905074251557_3112055930831473303_n-819x1024.jpg\">\n\t\t\t\t\t<img decoding=\"async\" class=\"spectra-image-gallery__media-thumbnail spectra-image-gallery__media-thumbnail--grid\" src=\"https:\/\/canbike.cat\/wp-content\/uploads\/2026\/01\/SaveClip.App_615395851_18306905074251557_3112055930831473303_n-240x300.jpg\" alt=\"\" loading=\"lazy\" \/>\n\t\t\t\t<\/picture>\n\t\t\t\t<div class=\"spectra-image-gallery__media-thumbnail-blurrer\"><\/div>\n\t\t\t\t\t\t\t\t\t\t\t<div class=\"spectra-image-gallery__media-thumbnail-caption-wrapper spectra-image-gallery__media-thumbnail-caption-wrapper--overlay\">\n\t\t\t\t\t\t\t\t\t\t\t<div class=\"spectra-image-gallery__media-thumbnail-caption spectra-image-gallery__media-thumbnail-caption--overlay\">\n\t\t\t\t\tCanBike\t\t\t\t<\/div>\n\t\t\t\t\t\t\t\t\t\t<\/div>\n\t\t\t\t\t\t\t\t\t<\/div>\n\t\t\t\t\t\t<\/div>\n\t\t\t\t\t\t\t\t\t\t<\/div>\n\t\t\t\t\t\t\t\t\t\t\t\t\t\t\t\t\t\t<\/div>\n\t\t\t\t\t\t\t\t\t\n<div class=\"wp-block-uagb-container uagb-block-df07f04a alignfull uagb-is-root-container\"><div class=\"uagb-container-inner-blocks-wrap\">\n<div class=\"wp-block-uagb-container uagb-block-7a2aa31e\">\n<div class=\"wp-block-uagb-image aligncenter uagb-block-973ddb10 wp-block-uagb-image--layout-default wp-block-uagb-image--effect-static wp-block-uagb-image--align-center\"><figure class=\"wp-block-uagb-image__figure\"><img decoding=\"async\" srcset=\"https:\/\/canbike.cat\/wp-content\/uploads\/2026\/01\/Whistle-AXR-1-1-1024x996.jpg ,https:\/\/canbike.cat\/wp-content\/uploads\/2026\/01\/Whistle-AXR-1-1.jpg 780w, https:\/\/canbike.cat\/wp-content\/uploads\/2026\/01\/Whistle-AXR-1-1.jpg 360w\" sizes=\"auto, (max-width: 480px) 150px\" src=\"https:\/\/canbike.cat\/wp-content\/uploads\/2026\/01\/Whistle-AXR-1-1-1024x996.jpg\" alt=\"\" class=\"uag-image-1317\" width=\"1024\" height=\"996\" title=\"Whistle AXR DJI\/Avinox\" loading=\"lazy\" role=\"img\"><\/figure><\/div>\n<\/div>\n\n\n\n<div class=\"wp-block-uagb-container uagb-block-7251ce11\">\n<div class=\"wp-block-uagb-advanced-heading uagb-block-663dbe75\"><h2 class=\"uagb-heading-text\">tens algun dubte?<\/h2><div class=\"uagb-separator\"><\/div><p class=\"uagb-desc-text\">Tens alguna pregunta o necessites assessorament? Som aqu\u00ed per ajudar-te. Contacta&#8217;ns per obtenir m\u00e9s informaci\u00f3 sobre els nostres productes i serveis. Uneix-te a la comunitat de CanBike i fes que cada sortida sigui inoblidable!   <\/p><\/div>\n\n\n\n<div class=\"wp-block-uagb-buttons uagb-buttons__outer-wrap uagb-btn__default-btn uagb-btn-tablet__default-btn uagb-btn-mobile__default-btn uagb-block-7e596d28\"><div class=\"uagb-buttons__wrap uagb-buttons-layout-wrap \">\n<div class=\"wp-block-uagb-buttons-child uagb-buttons__outer-wrap uagb-block-13e1b0f8 wp-block-button\"><div class=\"uagb-button__wrapper\"><a class=\"uagb-buttons-repeater wp-block-button__link\" aria-label=\"\" href=\"https:\/\/canbike.cat\/ca\/home\/contactans\/\" rel=\"follow noopener\" target=\"_self\" role=\"button\"><div class=\"uagb-button__link\">Contacte<\/div><\/a><\/div><\/div>\n<\/div><\/div>\n<\/div>\n<\/div><\/div>\n\n<div style=\"height:81px\" aria-hidden=\"true\" class=\"wp-block-spacer\"><\/div>\n","protected":false},"excerpt":{"rendered":"<p>DESCOBREIX LES E-BIKES DE WHISTLE A Whistle us ofereixen una \u00e0mplia gamma de bicis. Carretera, gravel, muntanya i Ebikes. Amb m\u00e9s de 100 anys d&#8217;experi\u00e8ncia fabricant bicicletes, el grup itali\u00e0 Atala us porta la marca Whistle, el seu vaixell ins\u00edgnia. Podr\u00e0s trobar bicis amb una gran relaci\u00f3 qualitat-preu. Et destaquem els seus Ebikes, aquest 2026 [&hellip;]<\/p>\n","protected":false},"author":1,"featured_media":0,"parent":1052,"menu_order":0,"comment_status":"closed","ping_status":"closed","template":"","meta":{"_uag_custom_page_level_css":"","site-sidebar-layout":"no-sidebar","site-content-layout":"plain-container","ast-site-content-layout":"normal-width-container","site-content-style":"unboxed","site-sidebar-style":"unboxed","ast-global-header-display":"","ast-banner-title-visibility":"","ast-main-header-display":"","ast-hfb-above-header-display":"","ast-hfb-below-header-display":"","ast-hfb-mobile-header-display":"","site-post-title":"disabled","ast-breadcrumbs-content":"","ast-featured-img":"disabled","footer-sml-layout":"","ast-disable-related-posts":"","theme-transparent-header-meta":"enabled","adv-header-id-meta":"","stick-header-meta":"","header-above-stick-meta":"","header-main-stick-meta":"","header-below-stick-meta":"","astra-migrate-meta-layouts":"default","ast-page-background-enabled":"default","ast-page-background-meta":{"desktop":{"background-color":"","background-image":"","background-repeat":"repeat","background-position":"center center","background-size":"auto","background-attachment":"scroll","background-type":"","background-media":"","overlay-type":"","overlay-color":"","overlay-opacity":"","overlay-gradient":""},"tablet":{"background-color":"","background-image":"","background-repeat":"repeat","background-position":"center center","background-size":"auto","background-attachment":"scroll","background-type":"","background-media":"","overlay-type":"","overlay-color":"","overlay-opacity":"","overlay-gradient":""},"mobile":{"background-color":"","background-image":"","background-repeat":"repeat","background-position":"center center","background-size":"auto","background-attachment":"scroll","background-type":"","background-media":"","overlay-type":"","overlay-color":"","overlay-opacity":"","overlay-gradient":""}},"ast-content-background-meta":{"desktop":{"background-color":"var(--ast-global-color-5)","background-image":"","background-repeat":"repeat","background-position":"center center","background-size":"auto","background-attachment":"scroll","background-type":"","background-media":"","overlay-type":"","overlay-color":"","overlay-opacity":"","overlay-gradient":""},"tablet":{"background-color":"var(--ast-global-color-5)","background-image":"","background-repeat":"repeat","background-position":"center center","background-size":"auto","background-attachment":"scroll","background-type":"","background-media":"","overlay-type":"","overlay-color":"","overlay-opacity":"","overlay-gradient":""},"mobile":{"background-color":"var(--ast-global-color-5)","background-image":"","background-repeat":"repeat","background-position":"center center","background-size":"auto","background-attachment":"scroll","background-type":"","background-media":"","overlay-type":"","overlay-color":"","overlay-opacity":"","overlay-gradient":""}},"footnotes":""},"class_list":["post-1320","page","type-page","status-publish","hentry"],"uagb_featured_image_src":{"full":false,"thumbnail":false,"medium":false,"medium_large":false,"large":false,"1536x1536":false,"2048x2048":false},"uagb_author_info":{"display_name":"admin","author_link":"https:\/\/canbike.cat\/ca\/author\/admin\/"},"uagb_comment_info":0,"uagb_excerpt":"DESCOBREIX LES E-BIKES DE WHISTLE A Whistle us ofereixen una \u00e0mplia gamma de bicis. Carretera, gravel, muntanya i Ebikes. Amb m\u00e9s de 100 anys d&#8217;experi\u00e8ncia fabricant bicicletes, el grup itali\u00e0 Atala us porta la marca Whistle, el seu vaixell ins\u00edgnia. Podr\u00e0s trobar bicis amb una gran relaci\u00f3 qualitat-preu. Et destaquem els seus Ebikes, aquest 2026&hellip;","_links":{"self":[{"href":"https:\/\/canbike.cat\/ca\/wp-json\/wp\/v2\/pages\/1320","targetHints":{"allow":["GET"]}}],"collection":[{"href":"https:\/\/canbike.cat\/ca\/wp-json\/wp\/v2\/pages"}],"about":[{"href":"https:\/\/canbike.cat\/ca\/wp-json\/wp\/v2\/types\/page"}],"author":[{"embeddable":true,"href":"https:\/\/canbike.cat\/ca\/wp-json\/wp\/v2\/users\/1"}],"replies":[{"embeddable":true,"href":"https:\/\/canbike.cat\/ca\/wp-json\/wp\/v2\/comments?post=1320"}],"version-history":[{"count":3,"href":"https:\/\/canbike.cat\/ca\/wp-json\/wp\/v2\/pages\/1320\/revisions"}],"predecessor-version":[{"id":1327,"href":"https:\/\/canbike.cat\/ca\/wp-json\/wp\/v2\/pages\/1320\/revisions\/1327"}],"up":[{"embeddable":true,"href":"https:\/\/canbike.cat\/ca\/wp-json\/wp\/v2\/pages\/1052"}],"wp:attachment":[{"href":"https:\/\/canbike.cat\/ca\/wp-json\/wp\/v2\/media?parent=1320"}],"curies":[{"name":"wp","href":"https:\/\/api.w.org\/{rel}","templated":true}]}}